{"id":6,"date":"2022-08-02T21:36:54","date_gmt":"2022-08-02T21:36:54","guid":{"rendered":"https:\/\/franciscos.es\/?page_id=6"},"modified":"2022-08-19T23:54:58","modified_gmt":"2022-08-19T21:54:58","slug":"about","status":"publish","type":"page","link":"https:\/\/franciscos.es\/index.php\/about\/","title":{"rendered":"Proyectos"},"content":{"rendered":"\n<h2 class=\"has-large-font-size wp-block-heading\" id=\"inspiro-is-a-digital-product-agency-that-focuses-on-strategy-and-design\" style=\"font-style:normal;font-weight:100\"><strong>Intentar que los emprendedores tengamos relevancia en el tejido empresarial, creando puntos de uni\u00f3n entre nosotros.<\/strong><\/h2>\n\n\n\n<div style=\"height:100px\" aria-hidden=\"true\" class=\"wp-block-spacer\"><\/div>\n\n\n\n<div class=\"wp-block-columns alignwide is-layout-flex wp-container-core-columns-layout-1 wp-block-columns-is-layout-flex\">\n<div class=\"wp-block-column is-layout-flow wp-block-column-is-layout-flow\">\n<figure class=\"wp-block-image size-large\"><img decoding=\"async\" src=\"https:\/\/franciscos.es\/wp-content\/themes\/inspiro\/assets\/images\/video-1.jpeg\" alt=\"\"\/><\/figure>\n\n\n\n<p class=\"has-text-align-center has-black-color has-text-color\" style=\"font-size:30px\"><strong>Asociaci\u00f3n<\/strong><\/p>\n\n\n\n<p class=\"has-text-align-center has-black-color has-text-color\" style=\"font-size:30px\"><strong> Emprendedores<\/strong><\/p>\n\n\n\n<p class=\"has-text-color\" style=\"color:#7a7a7a\">Desde la asociaci\u00f3n de emprendedores Ciudad virtual, estamos organiz\u00e1ndonos para intentar trabajar por un bien com\u00fan.<\/p>\n<\/div>\n\n\n\n<div class=\"wp-block-column is-layout-flow wp-block-column-is-layout-flow\">\n<figure class=\"wp-block-image size-large\"><img decoding=\"async\" src=\"https:\/\/franciscos.es\/wp-content\/themes\/inspiro\/assets\/images\/video-2.jpeg\" alt=\"\"\/><\/figure>\n\n\n\n<p class=\"has-text-align-center has-black-color has-text-color\" style=\"font-size:30px\"><strong>Vivero <\/strong><\/p>\n\n\n\n<p class=\"has-text-align-center has-black-color has-text-color\" style=\"font-size:30px\"><strong>Emprendedores<\/strong><\/p>\n\n\n\n<p class=\"has-text-color\" style=\"color:#7a7a7a\">En nuestro vivero de emprendedores queremos formar a nuestros miembros, proporcion\u00e1ndoles todas las herramientas necesarias para construir su propia empresa.<\/p>\n<\/div>\n\n\n\n<div class=\"wp-block-column is-layout-flow wp-block-column-is-layout-flow\">\n<figure class=\"wp-block-image size-large\"><img decoding=\"async\" src=\"https:\/\/franciscos.es\/wp-content\/themes\/inspiro\/assets\/images\/video-3.jpeg\" alt=\"\"\/><\/figure>\n\n\n\n<p class=\"has-text-align-center has-black-color has-text-color\" style=\"font-size:30px\"><strong>Radio <\/strong><\/p>\n\n\n\n<p class=\"has-text-align-center has-black-color has-text-color\" style=\"font-size:30px\"><strong>Comercio<\/strong><\/p>\n\n\n\n<p class=\"has-text-color\" style=\"color:#7a7a7a\">En la emisora de radio, queremos fomentar las noticias que nos interesan, todas las relacionadas con el comercio y la vivienda a lo que todos necesitamos por un trabajo y una vivienda digna.<\/p>\n<\/div>\n<\/div>\n\n\n\n<h3 class=\"has-large-font-size wp-block-heading\" id=\"inspiro-is-a-digital-product-agency-that-focuses-on-strategy-and-desig\" style=\"font-weight:300\">Showreel<\/h3>\n\n\n\n<figure class=\"wp-block-embed alignwide is-type-video is-provider-videopress wp-block-embed-videopress wp-embed-aspect-16-9 wp-has-aspect-ratio\"><div class=\"wp-block-embed__wrapper\">\n<iframe title=\"VideoPress Video Player\" aria-label='VideoPress Video Player' width='950' height='534' src='https:\/\/video.wordpress.com\/embed\/bjvmxiQS?hd=1&amp;cover=1' frameborder='0' allowfullscreen allow='clipboard-write'><\/iframe><script src='https:\/\/v0.wordpress.com\/js\/next\/videopress-iframe.js?m=1658470809'><\/script>\n<\/div><\/figure>\n\n\n\n<div style=\"height:100px\" aria-hidden=\"true\" class=\"wp-block-spacer\"><\/div>\n\n\n\n<div class=\"wp-block-columns is-layout-flex wp-container-core-columns-layout-2 wp-block-columns-is-layout-flex\">\n<div class=\"wp-block-column is-layout-flow wp-block-column-is-layout-flow\">\n<p class=\"has-text-align-center\"><strong>ASOCIACION<\/strong> <strong>EMPRENDEDORES<\/strong><\/p>\n\n\n\n<figure class=\"wp-block-image size-full\"><a href=\"https:\/\/ciudadvirtual.es\/\" target=\"_blank\" rel=\"noreferrer noopener\"><img loading=\"lazy\" decoding=\"async\" width=\"524\" height=\"512\" src=\"https:\/\/franciscos.es\/wp-content\/uploads\/2022\/08\/logo-CIUDAD-001.jpg\" alt=\"\" class=\"wp-image-107\" srcset=\"https:\/\/franciscos.es\/wp-content\/uploads\/2022\/08\/logo-CIUDAD-001.jpg 524w, https:\/\/franciscos.es\/wp-content\/uploads\/2022\/08\/logo-CIUDAD-001-300x293.jpg 300w\" sizes=\"(max-width: 524px) 100vw, 524px\" \/><\/a><\/figure>\n\n\n\n<p class=\"has-text-align-center\"><strong><a href=\"https:\/\/ciudadvirtual.es\/\" target=\"_blank\" rel=\"noopener\">Ciudadvirtual.es<\/a><\/strong><\/p>\n<\/div>\n\n\n\n<div class=\"wp-block-column is-layout-flow wp-block-column-is-layout-flow\">\n<p class=\"has-text-align-center has-medium-font-size\"><strong>MARKETPLACE<\/strong><\/p>\n\n\n\n<figure class=\"wp-block-image size-full\"><a href=\"https:\/\/ciudadvirtual.app\/\" target=\"_blank\" rel=\"noreferrer noopener\"><img loading=\"lazy\" decoding=\"async\" width=\"826\" height=\"826\" src=\"https:\/\/franciscos.es\/wp-content\/uploads\/2022\/08\/MARKET-cv.png\" alt=\"\" class=\"wp-image-108\" srcset=\"https:\/\/franciscos.es\/wp-content\/uploads\/2022\/08\/MARKET-cv.png 826w, https:\/\/franciscos.es\/wp-content\/uploads\/2022\/08\/MARKET-cv-300x300.png 300w, https:\/\/franciscos.es\/wp-content\/uploads\/2022\/08\/MARKET-cv-150x150.png 150w, https:\/\/franciscos.es\/wp-content\/uploads\/2022\/08\/MARKET-cv-768x768.png 768w\" sizes=\"(max-width: 826px) 100vw, 826px\" \/><\/a><\/figure>\n\n\n\n<p class=\"has-text-align-center\"><strong><a href=\"https:\/\/ciudadvirtual.app\/\" target=\"_blank\" rel=\"noopener\">Ciudadvirtual.app<\/a><\/strong><\/p>\n<\/div>\n\n\n\n<div class=\"wp-block-column is-layout-flow wp-block-column-is-layout-flow\">\n<p class=\"has-text-align-center has-medium-font-size\"><strong>INMOBILIARIA<\/strong><\/p>\n\n\n\n<figure class=\"wp-block-image size-large\"><a href=\"https:\/\/ciudadvirtual.net\/\" target=\"_blank\" rel=\"noreferrer noopener\"><img loading=\"lazy\" decoding=\"async\" width=\"1024\" height=\"1006\" src=\"https:\/\/franciscos.es\/wp-content\/uploads\/2022\/08\/logo-inmobiliaria-circulo-solo-1024x1006.png\" alt=\"\" class=\"wp-image-110\" srcset=\"https:\/\/franciscos.es\/wp-content\/uploads\/2022\/08\/logo-inmobiliaria-circulo-solo-1024x1006.png 1024w, https:\/\/franciscos.es\/wp-content\/uploads\/2022\/08\/logo-inmobiliaria-circulo-solo-300x295.png 300w, https:\/\/franciscos.es\/wp-content\/uploads\/2022\/08\/logo-inmobiliaria-circulo-solo-768x754.png 768w, https:\/\/franciscos.es\/wp-content\/uploads\/2022\/08\/logo-inmobiliaria-circulo-solo.png 1332w\" sizes=\"(max-width: 1024px) 100vw, 1024px\" \/><\/a><\/figure>\n\n\n\n<p class=\"has-text-align-center\"><strong><a href=\"https:\/\/ciudadvirtual.net\/\" target=\"_blank\" rel=\"noopener\">Ciudadvirtual.net<\/a><\/strong><\/p>\n<\/div>\n<\/div>\n\n\n\n<hr class=\"wp-block-separator has-alpha-channel-opacity is-style-wide\"\/>\n\n\n\n<div class=\"wp-block-columns is-layout-flex wp-container-core-columns-layout-3 wp-block-columns-is-layout-flex\">\n<div class=\"wp-block-column is-layout-flow wp-block-column-is-layout-flow\">\n<p class=\"has-text-align-center has-medium-font-size\"><strong>ALQUILER SEGURO<\/strong><\/p>\n\n\n\n<figure class=\"wp-block-image size-full\"><a href=\"https:\/\/www.alquiler-seguro.es\/\" target=\"_blank\" rel=\"noreferrer noopener\"><img loading=\"lazy\" decoding=\"async\" width=\"303\" height=\"303\" src=\"https:\/\/franciscos.es\/wp-content\/uploads\/2022\/08\/ALQUILER-SEGURO-200.jpg\" alt=\"\" class=\"wp-image-117\" srcset=\"https:\/\/franciscos.es\/wp-content\/uploads\/2022\/08\/ALQUILER-SEGURO-200.jpg 303w, https:\/\/franciscos.es\/wp-content\/uploads\/2022\/08\/ALQUILER-SEGURO-200-300x300.jpg 300w, https:\/\/franciscos.es\/wp-content\/uploads\/2022\/08\/ALQUILER-SEGURO-200-150x150.jpg 150w\" sizes=\"(max-width: 303px) 100vw, 303px\" \/><\/a><\/figure>\n\n\n\n<p class=\"has-text-align-center\"><strong><a href=\"https:\/\/www.alquiler-seguro.es\/\" target=\"_blank\" rel=\"noopener\">alquiler-Seguro.es<\/a><\/strong><\/p>\n<\/div>\n\n\n\n<div class=\"wp-block-column is-layout-flow wp-block-column-is-layout-flow\">\n<p class=\"has-text-align-center has-medium-font-size\"><strong>TELEFONIA<\/strong><\/p>\n\n\n\n<figure class=\"wp-block-image size-full\"><img loading=\"lazy\" decoding=\"async\" width=\"393\" height=\"151\" src=\"https:\/\/franciscos.es\/wp-content\/uploads\/2022\/08\/logo-Spotphone.jpg\" alt=\"\" class=\"wp-image-118\" srcset=\"https:\/\/franciscos.es\/wp-content\/uploads\/2022\/08\/logo-Spotphone.jpg 393w, https:\/\/franciscos.es\/wp-content\/uploads\/2022\/08\/logo-Spotphone-300x115.jpg 300w\" sizes=\"(max-width: 393px) 100vw, 393px\" \/><\/figure>\n\n\n\n<p class=\"has-text-align-center\"><a href=\"https:\/\/spotphone.es\/\" target=\"_blank\" rel=\"noopener\">SpotPhone.es<\/a><\/p>\n\n\n\n<p class=\"has-text-align-center\"><a href=\"https:\/\/spotphone.org\/\" target=\"_blank\" rel=\"noopener\">SpotPhone.org<\/a><\/p>\n<\/div>\n\n\n\n<div class=\"wp-block-column is-layout-flow wp-block-column-is-layout-flow\">\n<p class=\"has-text-align-center\"><strong>VIVERO EMPRENDEDORES<\/strong><\/p>\n\n\n\n<p class=\"has-text-align-center\"><a href=\"https:\/\/viveroemprendedores.com\/\" target=\"_blank\" rel=\"noopener\">viveroemprendedores.com<\/a><\/p>\n\n\n\n<p class=\"has-text-align-center\"><a href=\"http:\/\/viveroemprendedor.es\" target=\"_blank\" rel=\"noopener\">viveroemprendedor.es<\/a><\/p>\n<\/div>\n<\/div>\n\n\n\n<hr class=\"wp-block-separator has-alpha-channel-opacity is-style-wide\"\/>\n\n\n\n<div class=\"wp-block-columns is-layout-flex wp-container-core-columns-layout-4 wp-block-columns-is-layout-flex\">\n<div class=\"wp-block-column is-layout-flow wp-block-column-is-layout-flow\">\n<p class=\"has-text-align-center\"><strong>BOLSA DE EMPLEO<\/strong><\/p>\n\n\n\n<p class=\"has-text-align-center\"><a href=\"https:\/\/empleo.viveroemprendedores.com\/\" target=\"_blank\" rel=\"noopener\">empleo.com<\/a><\/p>\n\n\n\n<p class=\"has-text-align-center\"><a href=\"http:\/\/empleo.ciudadvirtual.es\" target=\"_blank\" rel=\"noopener\">empleo.ciudadvirtual.es<\/a><\/p>\n<\/div>\n\n\n\n<div class=\"wp-block-column is-layout-flow wp-block-column-is-layout-flow\">\n<p class=\"has-text-align-center\"><strong>SINGLESBENIDORM<\/strong><\/p>\n\n\n\n<p class=\"has-text-align-center\"><a href=\"http:\/\/singlesbenidorm.es\/\" target=\"_blank\" rel=\"noopener\">singlesbenidorm.es<\/a><\/p>\n\n\n\n<p class=\"has-text-align-center\"><a href=\"http:\/\/singlesbenidorm.com\" target=\"_blank\" rel=\"noopener\">singlesbenidorm.com<\/a><\/p>\n<\/div>\n\n\n\n<div class=\"wp-block-column is-layout-flow wp-block-column-is-layout-flow\">\n<p class=\"has-text-align-center\"><strong>EDUKT<\/strong><\/p>\n\n\n\n<p class=\"has-text-align-center\"><a href=\"http:\/\/edukt.848.es\/\" target=\"_blank\" rel=\"noopener\">edukt.848.es<\/a><\/p>\n\n\n\n<p class=\"has-text-align-center\"><a href=\"http:\/\/edukt.8cv.es\" target=\"_blank\" rel=\"noopener\">edukt.8cv.es<\/a><\/p>\n<\/div>\n<\/div>\n\n\n\n<hr class=\"wp-block-separator has-alpha-channel-opacity is-style-wide\"\/>\n\n\n\n<div class=\"wp-block-columns is-layout-flex wp-container-core-columns-layout-5 wp-block-columns-is-layout-flex\">\n<div class=\"wp-block-column is-layout-flow wp-block-column-is-layout-flow\">\n<p class=\"has-text-align-center\"><strong>POLITICA<\/strong><\/p>\n\n\n\n<p class=\"has-text-align-center\"><a href=\"http:\/\/cvalianza.es\" target=\"_blank\" rel=\"noopener\">cvalianza.es<\/a><\/p>\n\n\n\n<p class=\"has-text-align-center\"><a href=\"http:\/\/acv.cat\" target=\"_blank\" rel=\"noopener\">acv.cat<\/a><\/p>\n<\/div>\n\n\n\n<div class=\"wp-block-column is-layout-flow wp-block-column-is-layout-flow\"><\/div>\n\n\n\n<div class=\"wp-block-column is-layout-flow wp-block-column-is-layout-flow\"><\/div>\n<\/div>\n\n\n\n<hr class=\"wp-block-separator has-alpha-channel-opacity is-style-wide\"\/>\n\n\n\n<div class=\"wp-block-columns is-layout-flex wp-container-core-columns-layout-6 wp-block-columns-is-layout-flex\">\n<div class=\"wp-block-column is-layout-flow wp-block-column-is-layout-flow\">\n<p class=\"has-text-align-center\"><strong>ASOCIACION LA VILA<\/strong><\/p>\n\n\n\n<p class=\"has-text-align-center\"><a href=\"https:\/\/villajoyosa.ciudadvirtual.es\/\" target=\"_blank\" rel=\"noopener\">villajoyosa.ciudadvirtual.es<\/a><\/p>\n<\/div>\n\n\n\n<div class=\"wp-block-column is-layout-flow wp-block-column-is-layout-flow\">\n<p class=\"has-text-align-center\"><strong>ASOCIACION BENIDORM<\/strong><\/p>\n\n\n\n<p class=\"has-text-align-center\"><a href=\"http:\/\/benidorm.ciudadvirtual.es\" target=\"_blank\" rel=\"noopener\">benidorm.ciudadvirtual.es<\/a><\/p>\n<\/div>\n\n\n\n<div class=\"wp-block-column is-layout-flow wp-block-column-is-layout-flow\">\n<p class=\"has-text-align-center\"><strong>ASOCIACION PROPIETARIOS<\/strong><\/p>\n\n\n\n<p class=\"has-text-align-center\"><a href=\"http:\/\/asosciacionpropietarios.ciudadvirtual.es\" target=\"_blank\" rel=\"noopener\">asosciacionpropietarios<\/a><\/p>\n<\/div>\n<\/div>\n\n\n\n<hr class=\"wp-block-separator has-alpha-channel-opacity is-style-wide\"\/>\n\n\n\n<div class=\"wp-block-columns is-layout-flex wp-container-core-columns-layout-7 wp-block-columns-is-layout-flex\">\n<div class=\"wp-block-column is-layout-flow wp-block-column-is-layout-flow\">\n<p class=\"has-text-align-center\"><strong>GALA DEL COMERCIO<\/strong><\/p>\n\n\n\n<p class=\"has-text-align-center\"><a href=\"http:\/\/HTTP.\/\/gala.ciudadvirtual.es\" target=\"_blank\" rel=\"noopener\">gala.ciudadvirtual.es<\/a><\/p>\n<\/div>\n\n\n\n<div class=\"wp-block-column is-layout-flow wp-block-column-is-layout-flow\"><\/div>\n\n\n\n<div class=\"wp-block-column is-layout-flow wp-block-column-is-layout-flow\"><\/div>\n<\/div>\n\n\n\n<hr class=\"wp-block-separator has-alpha-channel-opacity is-style-wide\"\/>\n\n\n\n<div class=\"wp-block-columns is-layout-flex wp-container-core-columns-layout-8 wp-block-columns-is-layout-flex\">\n<div class=\"wp-block-column is-layout-flow wp-block-column-is-layout-flow\">\n<p class=\"has-text-align-center\"><strong>CRIPTOMONEDAS<\/strong><\/p>\n\n\n\n<p class=\"has-text-align-center\"><a href=\"http:\/\/cripto.ciudadvirtual.es\" target=\"_blank\" rel=\"noopener\">cripto.ciudadvirtual.es<\/a><\/p>\n<\/div>\n\n\n\n<div class=\"wp-block-column is-layout-flow wp-block-column-is-layout-flow\">\n<p class=\"has-text-align-center\"><strong>ALARMAS<\/strong><\/p>\n\n\n\n<p class=\"has-text-align-center\"><a href=\"http:\/\/alarmas.ciudadvirtual.es\" target=\"_blank\" rel=\"noopener\">alarmas.ciudadvirtual.es<\/a><\/p>\n\n\n\n<p class=\"has-text-align-center\"><a href=\"http:\/\/alarma.8cv.es\" target=\"_blank\" rel=\"noopener\">alarma.8cv.es<\/a><\/p>\n<\/div>\n\n\n\n<div class=\"wp-block-column is-layout-flow wp-block-column-is-layout-flow\">\n<p class=\"has-text-align-center\"><strong>ELECTRICIDAD<\/strong><\/p>\n\n\n\n<p class=\"has-text-align-center\"><a href=\"http:\/\/luz.ciudadvirtual.es\" target=\"_blank\" rel=\"noopener\">luz.ciudadvirtual.es<\/a><\/p>\n<\/div>\n<\/div>\n\n\n\n<hr class=\"wp-block-separator has-alpha-channel-opacity is-style-wide\"\/>\n\n\n\n<div class=\"wp-block-columns is-layout-flex wp-container-core-columns-layout-9 wp-block-columns-is-layout-flex\">\n<div class=\"wp-block-column is-layout-flow wp-block-column-is-layout-flow\">\n<p class=\"has-text-align-center\"><strong>RADIO COMERCIO<\/strong><\/p>\n\n\n\n<p class=\"has-text-align-center\"><a href=\"http:\/\/radiocomercio.org\" target=\"_blank\" rel=\"noopener\">radiocomercio.org<\/a><\/p>\n<\/div>\n\n\n\n<div class=\"wp-block-column is-layout-flow wp-block-column-is-layout-flow\">\n<p class=\"has-text-align-center\"><strong>RECLAMA LEGAL<\/strong><\/p>\n\n\n\n<p class=\"has-text-align-center\"><a href=\"http:\/\/reclamalegal.8cv.es\" target=\"_blank\" rel=\"noopener\">reclamalegal.8cv.es<\/a><\/p>\n<\/div>\n\n\n\n<div class=\"wp-block-column is-layout-flow wp-block-column-is-layout-flow\"><\/div>\n<\/div>\n\n\n\n<hr class=\"wp-block-separator has-alpha-channel-opacity is-style-wide\"\/>\n\n\n\n<div class=\"wp-block-columns is-layout-flex wp-container-core-columns-layout-10 wp-block-columns-is-layout-flex\">\n<div class=\"wp-block-column is-layout-flow wp-block-column-is-layout-flow\">\n<p class=\"has-text-align-center\"><strong>ECONOMIA COLABORATIVA<\/strong><\/p>\n\n\n\n<figure class=\"wp-block-image size-large\"><img loading=\"lazy\" decoding=\"async\" width=\"1024\" height=\"1024\" src=\"https:\/\/franciscos.es\/wp-content\/uploads\/2022\/08\/LOGO-2-1024x1024.png\" alt=\"\" class=\"wp-image-124\" srcset=\"https:\/\/franciscos.es\/wp-content\/uploads\/2022\/08\/LOGO-2-1024x1024.png 1024w, https:\/\/franciscos.es\/wp-content\/uploads\/2022\/08\/LOGO-2-300x300.png 300w, https:\/\/franciscos.es\/wp-content\/uploads\/2022\/08\/LOGO-2-150x150.png 150w, https:\/\/franciscos.es\/wp-content\/uploads\/2022\/08\/LOGO-2-768x768.png 768w, https:\/\/franciscos.es\/wp-content\/uploads\/2022\/08\/LOGO-2.png 1153w\" sizes=\"(max-width: 1024px) 100vw, 1024px\" \/><\/figure>\n\n\n\n<p class=\"has-text-align-center\"><a href=\"http:\/\/ecc.8cv.es\" target=\"_blank\" rel=\"noopener\">ecc.8cv.es<\/a><\/p>\n<\/div>\n\n\n\n<div class=\"wp-block-column is-layout-flow wp-block-column-is-layout-flow\"><\/div>\n\n\n\n<div class=\"wp-block-column is-layout-flow wp-block-column-is-layout-flow\"><\/div>\n<\/div>\n\n\n\n<hr class=\"wp-block-separator has-alpha-channel-opacity is-style-wide\"\/>\n\n\n\n<div class=\"wp-block-columns is-layout-flex wp-container-core-columns-layout-11 wp-block-columns-is-layout-flex\">\n<div class=\"wp-block-column is-layout-flow wp-block-column-is-layout-flow\">\n<p class=\"has-text-align-center\"><strong>F Y P<\/strong><\/p>\n\n\n\n<p class=\"has-text-align-center\"><a href=\"http:\/\/fp.8cv.es\" target=\"_blank\" rel=\"noopener\">fp.8cv.es<\/a><\/p>\n<\/div>\n\n\n\n<div class=\"wp-block-column is-layout-flow wp-block-column-is-layout-flow\"><\/div>\n\n\n\n<div class=\"wp-block-column is-layout-flow wp-block-column-is-layout-flow\"><\/div>\n<\/div>\n\n\n\n<hr class=\"wp-block-separator has-alpha-channel-opacity is-style-wide\"\/>\n\n\n\n<div class=\"wp-block-columns is-layout-flex wp-container-core-columns-layout-12 wp-block-columns-is-layout-flex\">\n<div class=\"wp-block-column is-layout-flow wp-block-column-is-layout-flow\">\n<p class=\"has-text-align-center\"><strong>BENIDORM FIRST<\/strong><\/p>\n\n\n\n<p class=\"has-text-align-center\"><a href=\"http:\/\/benidorm.casa\" target=\"_blank\" rel=\"noopener\">benidorm.casa<\/a><\/p>\n<\/div>\n\n\n\n<div class=\"wp-block-column is-layout-flow wp-block-column-is-layout-flow\">\n<p class=\"has-text-align-center\"><strong>BOOKING<\/strong><\/p>\n\n\n\n<p class=\"has-text-align-center\">booking.college<\/p>\n\n\n\n<p class=\"has-text-align-center\"><a href=\"http:\/\/HTTP.\/\/booking.cymru\" target=\"_blank\" rel=\"noopener\">booking.cymru<\/a><\/p>\n\n\n\n<p class=\"has-text-align-center\"><a href=\"http:\/\/booking.koeln\" target=\"_blank\" rel=\"noopener\">booking.koeln<\/a><\/p>\n<\/div>\n\n\n\n<div class=\"wp-block-column is-layout-flow wp-block-column-is-layout-flow\"><\/div>\n<\/div>\n\n\n\n<hr class=\"wp-block-separator has-alpha-channel-opacity is-style-wide\"\/>\n\n\n\n<div class=\"wp-block-cover alignfull\" style=\"padding-top:50px;padding-right:50px;padding-bottom:50px;padding-left:50px;min-height:316px\"><span aria-hidden=\"true\" class=\"wp-block-cover__background has-black-background-color has-background-dim-100 has-background-dim\"><\/span><div class=\"wp-block-cover__inner-container is-layout-flow wp-block-cover-is-layout-flow\">\n<div class=\"wp-block-columns are-vertically-aligned-center is-layout-flex wp-container-core-columns-layout-13 wp-block-columns-is-layout-flex\">\n<div class=\"wp-block-column is-vertically-aligned-center is-layout-flow wp-block-column-is-layout-flow\" style=\"padding-top:20px;padding-right:0px;padding-bottom:20px;padding-left:0px\">\n<div class=\"wp-block-group is-content-justification-space-between is-nowrap is-layout-flex wp-container-core-group-layout-2 wp-block-group-is-layout-flex\">\n<figure class=\"wp-block-image size-full\"><img decoding=\"async\" src=\"https:\/\/franciscos.es\/wp-content\/themes\/inspiro\/assets\/images\/laurel_left.png\" alt=\"\"\/><\/figure>\n\n\n\n<div class=\"wp-block-group is-layout-flow wp-block-group-is-layout-flow\"><div class=\"wp-block-group__inner-container\">\n<p class=\"has-text-align-center has-white-color has-text-color\" style=\"font-size:18px;line-height:1\"><strong>&#8220;Best Film&#8221;<br><\/strong>Winner<\/p>\n<\/div><\/div>\n\n\n\n<figure class=\"wp-block-image size-full\"><img decoding=\"async\" src=\"https:\/\/franciscos.es\/wp-content\/themes\/inspiro\/assets\/images\/laurel_right.png\" alt=\"\"\/><\/figure>\n<\/div>\n<\/div>\n\n\n\n<div class=\"wp-block-column is-vertically-aligned-center is-layout-flow wp-block-column-is-layout-flow\" style=\"padding-top:20px;padding-right:0px;padding-bottom:20px;padding-left:0px\">\n<div class=\"wp-block-group is-content-justification-space-between is-nowrap is-layout-flex wp-container-core-group-layout-4 wp-block-group-is-layout-flex\">\n<figure class=\"wp-block-image size-full\"><img decoding=\"async\" src=\"https:\/\/franciscos.es\/wp-content\/themes\/inspiro\/assets\/images\/laurel_left.png\" alt=\"\"\/><\/figure>\n\n\n\n<div class=\"wp-block-group is-layout-flow wp-block-group-is-layout-flow\"><div class=\"wp-block-group__inner-container\">\n<p class=\"has-text-align-center has-white-color has-text-color\" style=\"font-size:18px;line-height:1\"><strong>&#8220;New Film Festival&#8221;<\/strong><br>Winner<\/p>\n<\/div><\/div>\n\n\n\n<figure class=\"wp-block-image size-full\"><img decoding=\"async\" src=\"https:\/\/franciscos.es\/wp-content\/themes\/inspiro\/assets\/images\/laurel_right.png\" alt=\"\"\/><\/figure>\n<\/div>\n<\/div>\n\n\n\n<div class=\"wp-block-column is-vertically-aligned-center is-layout-flow wp-block-column-is-layout-flow\" style=\"padding-top:20px;padding-right:0px;padding-bottom:20px;padding-left:0px\">\n<div class=\"wp-block-group is-content-justification-space-between is-nowrap is-layout-flex wp-container-core-group-layout-6 wp-block-group-is-layout-flex\">\n<figure class=\"wp-block-image size-full\"><img decoding=\"async\" src=\"https:\/\/franciscos.es\/wp-content\/themes\/inspiro\/assets\/images\/laurel_left.png\" alt=\"\"\/><\/figure>\n\n\n\n<div class=\"wp-block-group is-layout-flow wp-block-group-is-layout-flow\"><div class=\"wp-block-group__inner-container\">\n<p class=\"has-text-align-center has-white-color has-text-color\" style=\"font-size:18px;line-height:1\"><strong>&#8220;Best Short&#8221;<\/strong><br>Winner<\/p>\n<\/div><\/div>\n\n\n\n<figure class=\"wp-block-image size-full\"><img decoding=\"async\" src=\"https:\/\/franciscos.es\/wp-content\/themes\/inspiro\/assets\/images\/laurel_right.png\" alt=\"\"\/><\/figure>\n<\/div>\n<\/div>\n<\/div>\n<\/div><\/div>\n<p>Impactos: 35<\/p>","protected":false},"excerpt":{"rendered":"<p>Intentar que los emprendedores tengamos relevancia en el tejido empresarial, creando puntos de uni\u00f3n entre nosotros. Asociaci\u00f3n Emprendedores Desde la asociaci\u00f3n de emprendedores Ciudad virtual, estamos organiz\u00e1ndonos para intentar trabajar por un bien com\u00fan. Vivero Emprendedores En nuestro vivero de emprendedores queremos formar a nuestros miembros, proporcion\u00e1ndoles todas las herramientas necesarias para construir su propia &hellip; <\/p>\n<p class=\"link-more\"><a href=\"https:\/\/franciscos.es\/index.php\/about\/\" class=\"more-link\">Leer m\u00e1s<span class=\"screen-reader-text\"> \u00abProyectos\u00bb<\/span><\/a><\/p>\n","protected":false},"author":1,"featured_media":4,"parent":0,"menu_order":0,"comment_status":"closed","ping_status":"closed","template":"","meta":{"om_disable_all_campaigns":false,"_monsterinsights_skip_tracking":false,"_monsterinsights_sitenote_active":false,"_monsterinsights_sitenote_note":"","_monsterinsights_sitenote_category":0,"footnotes":""},"aioseo_notices":[],"post_mailing_queue_ids":[],"_links":{"self":[{"href":"https:\/\/franciscos.es\/index.php\/wp-json\/wp\/v2\/pages\/6"}],"collection":[{"href":"https:\/\/franciscos.es\/index.php\/wp-json\/wp\/v2\/pages"}],"about":[{"href":"https:\/\/franciscos.es\/index.php\/wp-json\/wp\/v2\/types\/page"}],"author":[{"embeddable":true,"href":"https:\/\/franciscos.es\/index.php\/wp-json\/wp\/v2\/users\/1"}],"replies":[{"embeddable":true,"href":"https:\/\/franciscos.es\/index.php\/wp-json\/wp\/v2\/comments?post=6"}],"version-history":[{"count":16,"href":"https:\/\/franciscos.es\/index.php\/wp-json\/wp\/v2\/pages\/6\/revisions"}],"predecessor-version":[{"id":131,"href":"https:\/\/franciscos.es\/index.php\/wp-json\/wp\/v2\/pages\/6\/revisions\/131"}],"wp:featuredmedia":[{"embeddable":true,"href":"https:\/\/franciscos.es\/index.php\/wp-json\/wp\/v2\/media\/4"}],"wp:attachment":[{"href":"https:\/\/franciscos.es\/index.php\/wp-json\/wp\/v2\/media?parent=6"}],"curies":[{"name":"wp","href":"https:\/\/api.w.org\/{rel}","templated":true}]}}